{"id":17560,"date":"2025-03-05T09:04:20","date_gmt":"2025-03-05T09:04:20","guid":{"rendered":"https:\/\/www.irongrip.se\/?page_id=17560"},"modified":"2025-09-01T10:52:09","modified_gmt":"2025-09-01T10:52:09","slug":"manual-wire-cutters","status":"publish","type":"page","link":"https:\/\/www.irongrip.se\/sv\/manual-wire-cutters\/","title":{"rendered":"MANUELLA WIRESAXAR"},"content":{"rendered":"<div data-elementor-type=\"wp-page\" data-elementor-id=\"17560\" class=\"elementor elementor-17560\" data-elementor-post-type=\"page\">\n\t\t\t\t\t\t<section class=\"elementor-section elementor-top-section elementor-element elementor-element-c8a4879 elementor-section-full_width elementor-section-stretched elementor-section-height-default elementor-section-height-default\" data-id=\"c8a4879\" data-element_type=\"section\" data-e-type=\"section\" data-settings=\"{&quot;stretch_section&quot;:&quot;section-stretched&quot;,&quot;background_background&quot;:&quot;classic&quot;}\">\n\t\t\t\t\t\t\t<div class=\"elementor-background-overlay\"><\/div>\n\t\t\t\t\t\t\t<div class=\"elementor-container elementor-column-gap-default\">\n\t\t\t\t\t<div class=\"elementor-column elementor-col-100 elementor-top-column elementor-element elementor-element-a392984\" data-id=\"a392984\" data-element_type=\"column\" data-e-type=\"column\">\n\t\t\t<div class=\"elementor-widget-wrap elementor-element-populated\">\n\t\t\t\t\t\t<div class=\"elementor-element elementor-element-04a3c13 elementor-widget elementor-widget-heading\" data-id=\"04a3c13\" data-element_type=\"widget\" data-e-type=\"widget\" data-widget_type=\"heading.default\">\n\t\t\t\t<div class=\"elementor-widget-container\">\n\t\t\t\t\t<h1 class=\"elementor-heading-title elementor-size-default\">MANUELLA WIRESAXAR<\/h1>\t\t\t\t<\/div>\n\t\t\t\t<\/div>\n\t\t\t\t\t<\/div>\n\t\t<\/div>\n\t\t\t\t\t<\/div>\n\t\t<\/section>\n\t\t\t\t<section class=\"elementor-section elementor-top-section elementor-element elementor-element-2ba60c5 elementor-section-boxed elementor-section-height-default elementor-section-height-default\" data-id=\"2ba60c5\" data-element_type=\"section\" data-e-type=\"section\">\n\t\t\t\t\t\t<div class=\"elementor-container elementor-column-gap-default\">\n\t\t\t\t\t<div class=\"elementor-column elementor-col-50 elementor-top-column elementor-element elementor-element-4be4f5a\" data-id=\"4be4f5a\" data-element_type=\"column\" data-e-type=\"column\">\n\t\t\t<div class=\"elementor-widget-wrap elementor-element-populated\">\n\t\t\t\t\t\t<div class=\"elementor-element elementor-element-6109a03e elementor-widget elementor-widget-heading\" data-id=\"6109a03e\" data-element_type=\"widget\" data-e-type=\"widget\" data-widget_type=\"heading.default\">\n\t\t\t\t<div class=\"elementor-widget-container\">\n\t\t\t\t\t<h2 class=\"elementor-heading-title elementor-size-default\">WIRESAXAR 8-20 mm<\/h2>\t\t\t\t<\/div>\n\t\t\t\t<\/div>\n\t\t\t\t<div class=\"elementor-element elementor-element-27487a05 elementor-widget elementor-widget-text-editor\" data-id=\"27487a05\" data-element_type=\"widget\" data-e-type=\"widget\" data-widget_type=\"text-editor.default\">\n\t\t\t\t<div class=\"elementor-widget-container\">\n\t\t\t\t\t\t\t\t\t<p>IronGrip har ett brett sortiment manuella wiresaxar f\u00f6r att kapa st\u00e5linor av olika typ i dimensionerna 8-20 mm. Allt fr\u00e5n klassiska wiresaxar och stegmatade saxar till eldrivna. Samtliga kaparna h\u00e5ller h\u00f6gsta kvalitet och har utbytbara sk\u00e4r.<\/p>\t\t\t\t\t\t\t\t<\/div>\n\t\t\t\t<\/div>\n\t\t\t\t<div class=\"elementor-element elementor-element-50c1ba7 elementor-hidden-desktop elementor-widget elementor-widget-image\" data-id=\"50c1ba7\" data-element_type=\"widget\" data-e-type=\"widget\" data-widget_type=\"image.default\">\n\t\t\t\t<div class=\"elementor-widget-container\">\n\t\t\t\t\t\t\t\t\t\t\t\t\t\t\t<img fetchpriority=\"high\" decoding=\"async\" width=\"500\" height=\"650\" src=\"https:\/\/www.irongrip.se\/wp-content\/uploads\/2025\/04\/manual-wire-cutters-new-transparant-500-650.png\" class=\"attachment-full size-full wp-image-17807\" alt=\"\" srcset=\"https:\/\/www.irongrip.se\/wp-content\/uploads\/2025\/04\/manual-wire-cutters-new-transparant-500-650.png 500w, https:\/\/www.irongrip.se\/wp-content\/uploads\/2025\/04\/manual-wire-cutters-new-transparant-500-650-231x300.png 231w, https:\/\/www.irongrip.se\/wp-content\/uploads\/2025\/04\/manual-wire-cutters-new-transparant-500-650-9x12.png 9w\" sizes=\"(max-width: 500px) 100vw, 500px\" \/>\t\t\t\t\t\t\t\t\t\t\t\t\t\t\t<\/div>\n\t\t\t\t<\/div>\n\t\t\t\t<div class=\"elementor-element elementor-element-54ad4da elementor-widget elementor-widget-html\" data-id=\"54ad4da\" data-element_type=\"widget\" data-e-type=\"widget\" data-widget_type=\"html.default\">\n\t\t\t\t<div class=\"elementor-widget-container\">\n\t\t\t\t\t<div class=\"table-wrapper\">\n    <table>\n        <thead>\n            <tr>\n            <th rowspan=\"2\"\n            colspan=\"1\">Art. nr<\/th>\n            <th rowspan=\"2\" colspan=\"1\" style=\"width: 30%\">Namn<\/th>\n            <th rowspan=\"1\" colspan=\"2\">Maximal tjocklek<\/th>\n            <th rowspan=\"1\" colspan=\"2\">M\u00e5tt<\/th>\n            <\/tr>\n            <tr>\n                <th>Kompakt Vajer<\/th>\n                <th>Standard Vajer<\/th>\n                <th>L\u00e4ngd (mm)<\/th>\n                <th>Vikt (kg)<\/th>\n            <\/tr>\n        <\/thead>\n        <tbody>\n            <tr>\n                <td>310014<\/td>\n                <td>Wiresax ES3<\/td>\n                <td>N\/A<\/td>\n                <td>14 mm<\/td>\n                <td>715<\/td>\n                <td>2.6<\/td>\n            <\/tr>\n            <tr>\n                <td>310013<\/td>\n                <td>Wiresax SCS13<\/td>\n                <td>10 mm<\/td>\n                <td>13 mm<\/td>\n                <td>249<\/td>\n                <td>0.8<\/td>\n            <\/tr>\n            <tr>\n                <td>310018<\/td>\n                <td>Wiresax SCS18<\/td>\n                <td>15 mm<\/td>\n                <td>18 mm<\/td>\n                <td>317<\/td>\n                <td>1.7<\/td>\n            <\/tr>\n            <tr>\n                <td>310020<\/td>\n                <td>Wiresax SCSZ20<\/td>\n                <td>16 mm<\/td>\n                <td>20 mm<\/td>\n                <td>440<\/td>\n                <td>1.9<\/td>\n            <\/tr>\n        <\/tbody>\n    <\/table>\n<\/div>\t\t\t\t<\/div>\n\t\t\t\t<\/div>\n\t\t\t\t<div class=\"elementor-element elementor-element-e21a1fe elementor-widget elementor-widget-image\" data-id=\"e21a1fe\" data-element_type=\"widget\" data-e-type=\"widget\" data-widget_type=\"image.default\">\n\t\t\t\t<div class=\"elementor-widget-container\">\n\t\t\t\t\t\t\t\t\t\t\t\t<figure class=\"wp-caption\">\n\t\t\t\t\t\t\t\t\t\t\t<a href=\"https:\/\/www.irongrip.se\/sv\/powered-wire-cutters\/\">\n\t\t\t\t\t\t\t<img decoding=\"async\" width=\"300\" height=\"185\" src=\"https:\/\/www.irongrip.se\/wp-content\/uploads\/2025\/03\/electric-wire-cutter-temp-300x185.png\" class=\"attachment-medium size-medium wp-image-17570\" alt=\"\" srcset=\"https:\/\/www.irongrip.se\/wp-content\/uploads\/2025\/03\/electric-wire-cutter-temp-300x185.png 300w, https:\/\/www.irongrip.se\/wp-content\/uploads\/2025\/03\/electric-wire-cutter-temp-18x12.png 18w, https:\/\/www.irongrip.se\/wp-content\/uploads\/2025\/03\/electric-wire-cutter-temp.png 385w\" sizes=\"(max-width: 300px) 100vw, 300px\" \/>\t\t\t\t\t\t\t\t<\/a>\n\t\t\t\t\t\t\t\t\t\t\t<figcaption class=\"widget-image-caption wp-caption-text\">Se \u00e4ven v\u00e5ran elektriska wiresax - AS13S<\/figcaption>\n\t\t\t\t\t\t\t\t\t\t<\/figure>\n\t\t\t\t\t\t\t\t\t<\/div>\n\t\t\t\t<\/div>\n\t\t\t\t<section class=\"elementor-section elementor-inner-section elementor-element elementor-element-9a1f0d9 elementor-section-boxed elementor-section-height-default elementor-section-height-default\" data-id=\"9a1f0d9\" data-element_type=\"section\" data-e-type=\"section\">\n\t\t\t\t\t\t<div class=\"elementor-container elementor-column-gap-default\">\n\t\t\t\t\t<div class=\"elementor-column elementor-col-100 elementor-inner-column elementor-element elementor-element-6e84a54\" data-id=\"6e84a54\" data-element_type=\"column\" data-e-type=\"column\" data-settings=\"{&quot;background_background&quot;:&quot;classic&quot;}\">\n\t\t\t<div class=\"elementor-widget-wrap elementor-element-populated\">\n\t\t\t\t\t\t<div class=\"elementor-element elementor-element-b9ab469 elementor-widget elementor-widget-text-editor\" data-id=\"b9ab469\" data-element_type=\"widget\" data-e-type=\"widget\" data-widget_type=\"text-editor.default\">\n\t\t\t\t<div class=\"elementor-widget-container\">\n\t\t\t\t\t\t\t\t\t<p><strong>Letar du efter produktpresentationer eller monteringsanvisningar?<\/strong><br \/>Du kan ladda ner dem\u00a0<strong><span style=\"text-decoration: underline;\"><a href=\"https:\/\/www.irongrip.se\/sv\/documentation\/#docs-wire-cutters\" target=\"_blank\" rel=\"noopener\">h\u00e4r.<\/a><\/span><\/strong><\/p>\t\t\t\t\t\t\t\t<\/div>\n\t\t\t\t<\/div>\n\t\t\t\t\t<\/div>\n\t\t<\/div>\n\t\t\t\t\t<\/div>\n\t\t<\/section>\n\t\t\t\t\t<\/div>\n\t\t<\/div>\n\t\t\t\t<div class=\"elementor-column elementor-col-50 elementor-top-column elementor-element elementor-element-25bec28 elementor-hidden-tablet elementor-hidden-mobile\" data-id=\"25bec28\" data-element_type=\"column\" data-e-type=\"column\">\n\t\t\t<div class=\"elementor-widget-wrap elementor-element-populated\">\n\t\t\t\t\t\t<div class=\"elementor-element elementor-element-54d4171 elementor-widget elementor-widget-image\" data-id=\"54d4171\" data-element_type=\"widget\" data-e-type=\"widget\" data-widget_type=\"image.default\">\n\t\t\t\t<div class=\"elementor-widget-container\">\n\t\t\t\t\t\t\t\t\t\t\t\t\t\t\t<img fetchpriority=\"high\" decoding=\"async\" width=\"500\" height=\"650\" src=\"https:\/\/www.irongrip.se\/wp-content\/uploads\/2025\/04\/manual-wire-cutters-new-transparant-500-650.png\" class=\"attachment-full size-full wp-image-17807\" alt=\"\" srcset=\"https:\/\/www.irongrip.se\/wp-content\/uploads\/2025\/04\/manual-wire-cutters-new-transparant-500-650.png 500w, https:\/\/www.irongrip.se\/wp-content\/uploads\/2025\/04\/manual-wire-cutters-new-transparant-500-650-231x300.png 231w, https:\/\/www.irongrip.se\/wp-content\/uploads\/2025\/04\/manual-wire-cutters-new-transparant-500-650-9x12.png 9w\" sizes=\"(max-width: 500px) 100vw, 500px\" \/>\t\t\t\t\t\t\t\t\t\t\t\t\t\t\t<\/div>\n\t\t\t\t<\/div>\n\t\t\t\t\t<\/div>\n\t\t<\/div>\n\t\t\t\t\t<\/div>\n\t\t<\/section>\n\t\t\t\t<\/div>","protected":false},"excerpt":{"rendered":"<p>MANUAL WIRE CUTTERS WIRE CUTTERS 8-30 MM The new product portfolio offers a range of different cutters for wire dimension up to 30 mm. From the classic leveraged cutter to the new one- or two-handed, ratchet operated cutters as well as the hammer cutter. All cutters are of best quality and have interchangeable edges. Art. [&hellip;]<\/p>\n","protected":false},"author":5,"featured_media":0,"parent":0,"menu_order":0,"comment_status":"closed","ping_status":"closed","template":"elementor_header_footer","meta":{"inline_featured_image":false,"site-sidebar-layout":"default","site-content-layout":"","ast-site-content-layout":"default","site-content-style":"default","site-sidebar-style":"default","ast-global-header-display":"","ast-banner-title-visibility":"","ast-main-header-display":"","ast-hfb-above-header-display":"","ast-hfb-below-header-display":"","ast-hfb-mobile-header-display":"","site-post-title":"","ast-breadcrumbs-content":"","ast-featured-img":"","footer-sml-layout":"","ast-disable-related-posts":"","theme-transparent-header-meta":"","adv-header-id-meta":"","stick-header-meta":"","header-above-stick-meta":"","header-main-stick-meta":"","header-below-stick-meta":"","astra-migrate-meta-layouts":"default","ast-page-background-enabled":"default","ast-page-background-meta":{"desktop":{"background-color":"var(--ast-global-color-4)","background-image":"","background-repeat":"repeat","background-position":"center center","background-size":"auto","background-attachment":"scroll","background-type":"","background-media":"","overlay-type":"","overlay-color":"","overlay-opacity":"","overlay-gradient":""},"tablet":{"background-color":"","background-image":"","background-repeat":"repeat","background-position":"center center","background-size":"auto","background-attachment":"scroll","background-type":"","background-media":"","overlay-type":"","overlay-color":"","overlay-opacity":"","overlay-gradient":""},"mobile":{"background-color":"","background-image":"","background-repeat":"repeat","background-position":"center center","background-size":"auto","background-attachment":"scroll","background-type":"","background-media":"","overlay-type":"","overlay-color":"","overlay-opacity":"","overlay-gradient":""}},"ast-content-background-meta":{"desktop":{"background-color":"var(--ast-global-color-5)","background-image":"","background-repeat":"repeat","background-position":"center center","background-size":"auto","background-attachment":"scroll","background-type":"","background-media":"","overlay-type":"","overlay-color":"","overlay-opacity":"","overlay-gradient":""},"tablet":{"background-color":"var(--ast-global-color-5)","background-image":"","background-repeat":"repeat","background-position":"center center","background-size":"auto","background-attachment":"scroll","background-type":"","background-media":"","overlay-type":"","overlay-color":"","overlay-opacity":"","overlay-gradient":""},"mobile":{"background-color":"var(--ast-global-color-5)","background-image":"","background-repeat":"repeat","background-position":"center center","background-size":"auto","background-attachment":"scroll","background-type":"","background-media":"","overlay-type":"","overlay-color":"","overlay-opacity":"","overlay-gradient":""}},"footnotes":""},"class_list":["post-17560","page","type-page","status-publish","hentry"],"yoast_head":"<!-- This site is optimized with the Yoast SEO plugin v27.3 - https:\/\/yoast.com\/product\/yoast-seo-wordpress\/ -->\n<title>MANUAL WIRE CUTTERS - IRONGRIP<\/title>\n<meta name=\"robots\" content=\"index, follow, max-snippet:-1, max-image-preview:large, max-video-preview:-1\" \/>\n<link rel=\"canonical\" href=\"https:\/\/www.irongrip.se\/sv\/manual-wire-cutters\/\" \/>\n<meta property=\"og:locale\" content=\"sv_SE\" \/>\n<meta property=\"og:type\" content=\"article\" \/>\n<meta property=\"og:title\" content=\"MANUAL WIRE CUTTERS - IRONGRIP\" \/>\n<meta property=\"og:description\" content=\"MANUAL WIRE CUTTERS WIRE CUTTERS 8-30 MM The new product portfolio offers a range of different cutters for wire dimension up to 30 mm. From the classic leveraged cutter to the new one- or two-handed, ratchet operated cutters as well as the hammer cutter. All cutters are of best quality and have interchangeable edges. Art. [&hellip;]\" \/>\n<meta property=\"og:url\" content=\"https:\/\/www.irongrip.se\/sv\/manual-wire-cutters\/\" \/>\n<meta property=\"og:site_name\" content=\"IRONGRIP\" \/>\n<meta property=\"article:modified_time\" content=\"2025-09-01T10:52:09+00:00\" \/>\n<meta property=\"og:image\" content=\"https:\/\/www.irongrip.se\/wp-content\/uploads\/2025\/04\/manual-wire-cutters-new-transparant-500-650.png\" \/>\n\t<meta property=\"og:image:width\" content=\"500\" \/>\n\t<meta property=\"og:image:height\" content=\"650\" \/>\n\t<meta property=\"og:image:type\" content=\"image\/png\" \/>\n<meta name=\"twitter:card\" content=\"summary_large_image\" \/>\n<meta name=\"twitter:label1\" content=\"Ber\u00e4knad l\u00e4stid\" \/>\n\t<meta name=\"twitter:data1\" content=\"2 minuter\" \/>\n<script type=\"application\/ld+json\" class=\"yoast-schema-graph\">{\"@context\":\"https:\\\/\\\/schema.org\",\"@graph\":[{\"@type\":\"WebPage\",\"@id\":\"https:\\\/\\\/www.irongrip.se\\\/manual-wire-cutters\\\/\",\"url\":\"https:\\\/\\\/www.irongrip.se\\\/manual-wire-cutters\\\/\",\"name\":\"MANUAL WIRE CUTTERS - IRONGRIP\",\"isPartOf\":{\"@id\":\"https:\\\/\\\/www.irongrip.se\\\/#website\"},\"primaryImageOfPage\":{\"@id\":\"https:\\\/\\\/www.irongrip.se\\\/manual-wire-cutters\\\/#primaryimage\"},\"image\":{\"@id\":\"https:\\\/\\\/www.irongrip.se\\\/manual-wire-cutters\\\/#primaryimage\"},\"thumbnailUrl\":\"https:\\\/\\\/www.irongrip.se\\\/wp-content\\\/uploads\\\/2025\\\/04\\\/manual-wire-cutters-new-transparant-500-650.png\",\"datePublished\":\"2025-03-05T09:04:20+00:00\",\"dateModified\":\"2025-09-01T10:52:09+00:00\",\"breadcrumb\":{\"@id\":\"https:\\\/\\\/www.irongrip.se\\\/manual-wire-cutters\\\/#breadcrumb\"},\"inLanguage\":\"sv-SE\",\"potentialAction\":[{\"@type\":\"ReadAction\",\"target\":[\"https:\\\/\\\/www.irongrip.se\\\/manual-wire-cutters\\\/\"]}]},{\"@type\":\"ImageObject\",\"inLanguage\":\"sv-SE\",\"@id\":\"https:\\\/\\\/www.irongrip.se\\\/manual-wire-cutters\\\/#primaryimage\",\"url\":\"https:\\\/\\\/www.irongrip.se\\\/wp-content\\\/uploads\\\/2025\\\/04\\\/manual-wire-cutters-new-transparant-500-650.png\",\"contentUrl\":\"https:\\\/\\\/www.irongrip.se\\\/wp-content\\\/uploads\\\/2025\\\/04\\\/manual-wire-cutters-new-transparant-500-650.png\"},{\"@type\":\"BreadcrumbList\",\"@id\":\"https:\\\/\\\/www.irongrip.se\\\/manual-wire-cutters\\\/#breadcrumb\",\"itemListElement\":[{\"@type\":\"ListItem\",\"position\":1,\"name\":\"Hem\",\"item\":\"https:\\\/\\\/www.irongrip.se\\\/\"},{\"@type\":\"ListItem\",\"position\":2,\"name\":\"MANUAL WIRE CUTTERS\"}]},{\"@type\":\"WebSite\",\"@id\":\"https:\\\/\\\/www.irongrip.se\\\/#website\",\"url\":\"https:\\\/\\\/www.irongrip.se\\\/\",\"name\":\"IronGrip\",\"description\":\"\",\"publisher\":{\"@id\":\"https:\\\/\\\/www.irongrip.se\\\/#organization\"},\"potentialAction\":[{\"@type\":\"SearchAction\",\"target\":{\"@type\":\"EntryPoint\",\"urlTemplate\":\"https:\\\/\\\/www.irongrip.se\\\/?s={search_term_string}\"},\"query-input\":{\"@type\":\"PropertyValueSpecification\",\"valueRequired\":true,\"valueName\":\"search_term_string\"}}],\"inLanguage\":\"sv-SE\"},{\"@type\":\"Organization\",\"@id\":\"https:\\\/\\\/www.irongrip.se\\\/#organization\",\"name\":\"IronGrip\",\"url\":\"https:\\\/\\\/www.irongrip.se\\\/\",\"logo\":{\"@type\":\"ImageObject\",\"inLanguage\":\"sv-SE\",\"@id\":\"https:\\\/\\\/www.irongrip.se\\\/#\\\/schema\\\/logo\\\/image\\\/\",\"url\":\"https:\\\/\\\/www.irongrip.se\\\/wp-content\\\/uploads\\\/2022\\\/09\\\/Irongrip-logo.png\",\"contentUrl\":\"https:\\\/\\\/www.irongrip.se\\\/wp-content\\\/uploads\\\/2022\\\/09\\\/Irongrip-logo.png\",\"width\":250,\"height\":35,\"caption\":\"IronGrip\"},\"image\":{\"@id\":\"https:\\\/\\\/www.irongrip.se\\\/#\\\/schema\\\/logo\\\/image\\\/\"}}]}<\/script>\n<!-- \/ Yoast SEO plugin. -->","yoast_head_json":{"title":"MANUAL WIRE CUTTERS - IRONGRIP","robots":{"index":"index","follow":"follow","max-snippet":"max-snippet:-1","max-image-preview":"max-image-preview:large","max-video-preview":"max-video-preview:-1"},"canonical":"https:\/\/www.irongrip.se\/sv\/manual-wire-cutters\/","og_locale":"sv_SE","og_type":"article","og_title":"MANUAL WIRE CUTTERS - IRONGRIP","og_description":"MANUAL WIRE CUTTERS WIRE CUTTERS 8-30 MM The new product portfolio offers a range of different cutters for wire dimension up to 30 mm. From the classic leveraged cutter to the new one- or two-handed, ratchet operated cutters as well as the hammer cutter. All cutters are of best quality and have interchangeable edges. Art. [&hellip;]","og_url":"https:\/\/www.irongrip.se\/sv\/manual-wire-cutters\/","og_site_name":"IRONGRIP","article_modified_time":"2025-09-01T10:52:09+00:00","og_image":[{"width":500,"height":650,"url":"https:\/\/www.irongrip.se\/wp-content\/uploads\/2025\/04\/manual-wire-cutters-new-transparant-500-650.png","type":"image\/png"}],"twitter_card":"summary_large_image","twitter_misc":{"Ber\u00e4knad l\u00e4stid":"2 minuter"},"schema":{"@context":"https:\/\/schema.org","@graph":[{"@type":"WebPage","@id":"https:\/\/www.irongrip.se\/manual-wire-cutters\/","url":"https:\/\/www.irongrip.se\/manual-wire-cutters\/","name":"MANUAL WIRE CUTTERS - IRONGRIP","isPartOf":{"@id":"https:\/\/www.irongrip.se\/#website"},"primaryImageOfPage":{"@id":"https:\/\/www.irongrip.se\/manual-wire-cutters\/#primaryimage"},"image":{"@id":"https:\/\/www.irongrip.se\/manual-wire-cutters\/#primaryimage"},"thumbnailUrl":"https:\/\/www.irongrip.se\/wp-content\/uploads\/2025\/04\/manual-wire-cutters-new-transparant-500-650.png","datePublished":"2025-03-05T09:04:20+00:00","dateModified":"2025-09-01T10:52:09+00:00","breadcrumb":{"@id":"https:\/\/www.irongrip.se\/manual-wire-cutters\/#breadcrumb"},"inLanguage":"sv-SE","potentialAction":[{"@type":"ReadAction","target":["https:\/\/www.irongrip.se\/manual-wire-cutters\/"]}]},{"@type":"ImageObject","inLanguage":"sv-SE","@id":"https:\/\/www.irongrip.se\/manual-wire-cutters\/#primaryimage","url":"https:\/\/www.irongrip.se\/wp-content\/uploads\/2025\/04\/manual-wire-cutters-new-transparant-500-650.png","contentUrl":"https:\/\/www.irongrip.se\/wp-content\/uploads\/2025\/04\/manual-wire-cutters-new-transparant-500-650.png"},{"@type":"BreadcrumbList","@id":"https:\/\/www.irongrip.se\/manual-wire-cutters\/#breadcrumb","itemListElement":[{"@type":"ListItem","position":1,"name":"Hem","item":"https:\/\/www.irongrip.se\/"},{"@type":"ListItem","position":2,"name":"MANUAL WIRE CUTTERS"}]},{"@type":"WebSite","@id":"https:\/\/www.irongrip.se\/#website","url":"https:\/\/www.irongrip.se\/","name":"IronGrip","description":"","publisher":{"@id":"https:\/\/www.irongrip.se\/#organization"},"potentialAction":[{"@type":"SearchAction","target":{"@type":"EntryPoint","urlTemplate":"https:\/\/www.irongrip.se\/?s={search_term_string}"},"query-input":{"@type":"PropertyValueSpecification","valueRequired":true,"valueName":"search_term_string"}}],"inLanguage":"sv-SE"},{"@type":"Organization","@id":"https:\/\/www.irongrip.se\/#organization","name":"IronGrip","url":"https:\/\/www.irongrip.se\/","logo":{"@type":"ImageObject","inLanguage":"sv-SE","@id":"https:\/\/www.irongrip.se\/#\/schema\/logo\/image\/","url":"https:\/\/www.irongrip.se\/wp-content\/uploads\/2022\/09\/Irongrip-logo.png","contentUrl":"https:\/\/www.irongrip.se\/wp-content\/uploads\/2022\/09\/Irongrip-logo.png","width":250,"height":35,"caption":"IronGrip"},"image":{"@id":"https:\/\/www.irongrip.se\/#\/schema\/logo\/image\/"}}]}},"_links":{"self":[{"href":"https:\/\/www.irongrip.se\/sv\/wp-json\/wp\/v2\/pages\/17560","targetHints":{"allow":["GET"]}}],"collection":[{"href":"https:\/\/www.irongrip.se\/sv\/wp-json\/wp\/v2\/pages"}],"about":[{"href":"https:\/\/www.irongrip.se\/sv\/wp-json\/wp\/v2\/types\/page"}],"author":[{"embeddable":true,"href":"https:\/\/www.irongrip.se\/sv\/wp-json\/wp\/v2\/users\/5"}],"replies":[{"embeddable":true,"href":"https:\/\/www.irongrip.se\/sv\/wp-json\/wp\/v2\/comments?post=17560"}],"version-history":[{"count":73,"href":"https:\/\/www.irongrip.se\/sv\/wp-json\/wp\/v2\/pages\/17560\/revisions"}],"predecessor-version":[{"id":18083,"href":"https:\/\/www.irongrip.se\/sv\/wp-json\/wp\/v2\/pages\/17560\/revisions\/18083"}],"wp:attachment":[{"href":"https:\/\/www.irongrip.se\/sv\/wp-json\/wp\/v2\/media?parent=17560"}],"curies":[{"name":"wp","href":"https:\/\/api.w.org\/{rel}","templated":true}]}}